{"id":18,"date":"2025-08-20T11:50:00","date_gmt":"2025-08-20T11:50:00","guid":{"rendered":"http:\/\/www.fatmasert.com\/?page_id=18"},"modified":"2026-04-03T15:12:59","modified_gmt":"2026-04-03T15:12:59","slug":"hakkimda","status":"publish","type":"page","link":"https:\/\/www.fatmasert.com\/?page_id=18","title":{"rendered":"Hakk\u0131mda"},"content":{"rendered":"\n<figure class=\"wp-block-image size-medium\"><img loading=\"lazy\" decoding=\"async\" width=\"300\" height=\"300\" src=\"https:\/\/www.fatmasert.com\/wp-content\/uploads\/2025\/09\/9f14340f-ffa4-4e18-88fa-930e2239ed20-1-300x300.jpg\" alt=\"\" class=\"wp-image-45\" srcset=\"https:\/\/www.fatmasert.com\/wp-content\/uploads\/2025\/09\/9f14340f-ffa4-4e18-88fa-930e2239ed20-1-300x300.jpg 300w, https:\/\/www.fatmasert.com\/wp-content\/uploads\/2025\/09\/9f14340f-ffa4-4e18-88fa-930e2239ed20-1-1024x1024.jpg 1024w, https:\/\/www.fatmasert.com\/wp-content\/uploads\/2025\/09\/9f14340f-ffa4-4e18-88fa-930e2239ed20-1-150x150.jpg 150w, https:\/\/www.fatmasert.com\/wp-content\/uploads\/2025\/09\/9f14340f-ffa4-4e18-88fa-930e2239ed20-1-768x768.jpg 768w, https:\/\/www.fatmasert.com\/wp-content\/uploads\/2025\/09\/9f14340f-ffa4-4e18-88fa-930e2239ed20-1.jpg 1440w\" sizes=\"auto, (max-width: 300px) 100vw, 300px\" \/><\/figure>\n\n\n\n<p class=\"has-large-font-size\">Merhaba! Ben Sosyal Hizmet Uzman\u0131 ve Aile Dan\u0131\u015fman\u0131 Fatma Sert<\/p>\n\n\n\n<p class=\"has-medium-font-size\"><br>\u200bSosyal Hizmet lisans temelimin \u00fczerine, 480 saatlik Aile Dan\u0131\u015fmanl\u0131\u011f\u0131 ve \u0130leri D\u00fczey Aile Dan\u0131\u015fmanl\u0131\u011f\u0131 e\u011fitimlerimi tamamlayarak bu alanda uzmanla\u015ft\u0131m. <br>\u200bEski\u015fehir&#8217;de y\u00fcz y\u00fcze g\u00f6r\u00fc\u015fmelerin yan\u0131 s\u0131ra, \u015fehir d\u0131\u015f\u0131 ve yurt d\u0131\u015f\u0131ndaki dan\u0131\u015fanlar\u0131ma Online Dan\u0131\u015fmanl\u0131k yoluyla hizmet sunmaktay\u0131m.<\/p>\n\n\n\n<p>Temel amac\u0131m; mesafelerden ba\u011f\u0131ms\u0131z olarak g\u00fcvene dayal\u0131 bir ba\u011f kurmak ve zorlu ya\u015fam olaylar\u0131n\u0131 geli\u015fim f\u0131rsat\u0131na \u00e7evirmektir.<\/p>\n\n\n\n<p>\u200bUzmanl\u0131k ve \u00c7al\u0131\u015fma Alanlar\u0131m:<\/p>\n\n\n\n<p>\u200bAile ve \u00c7ift Dan\u0131\u015fmanl\u0131\u011f\u0131: \u0130leti\u015fim \u00e7at\u0131\u015fmalar\u0131, ili\u015fki dinamikleri ve ebeveyn dan\u0131\u015fmanl\u0131\u011f\u0131.<\/p>\n\n\n\n<p>\u200bBireysel Dan\u0131\u015fmanl\u0131k ve Psikososyal Destek:<br>\u200bZorlu ya\u015fam olaylar\u0131 ve uyum sorunlar\u0131,<br>\u200bDuygu d\u00fczenleme ve stres y\u00f6netimi,<br>\u200bYas s\u00fcreci ve kay\u0131plarla ba\u015f etme,<br>\u200b\u00d6fke kontrol\u00fc ve ileti\u015fim becerileri.<\/p>\n\n\n\n<p>\u200b<strong>\u00c7ocuk Odakl\u0131 Dan\u0131\u015fmanl\u0131k ve Uygulamalar:<\/strong><\/p>\n\n\n\n<p>Filial Dan\u0131\u015fmanl\u0131k (Ebeveyn-\u00c7ocuk \u0130li\u015fkisi Odakl\u0131 Yakla\u015f\u0131m)<\/p>\n\n\n\n<p>Masal ve Oyun Arac\u0131l\u0131\u011f\u0131yla \u00c7ocukla \u0130leti\u015fim Teknikleri<\/p>\n\n\n\n<p>\u00c7ocuk Resimleri Analizi ve Yorumlanmas\u0131<\/p>\n\n\n\n<p>\u200bDan\u0131\u015fanlar\u0131mdan ald\u0131\u011f\u0131m olumlu geri bildirimler, en b\u00fcy\u00fck motivasyon kayna\u011f\u0131md\u0131r. Y\u00fcz y\u00fcze veya online seanslar hakk\u0131nda detayl\u0131 bilgi almak i\u00e7in benimle ileti\u015fime ge\u00e7ebilirsiniz.<\/p>\n","protected":false},"excerpt":{"rendered":"<p>Merhaba! Ben Sosyal Hizmet Uzman\u0131 ve Aile Dan\u0131\u015fman\u0131 Fatma Sert \u200bSosyal Hizmet lisans temelimin \u00fczerine, 480 saatlik Aile Dan\u0131\u015fmanl\u0131\u011f\u0131 ve \u0130leri D\u00fczey Aile Dan\u0131\u015fmanl\u0131\u011f\u0131 e\u011fitimlerimi tamamlayarak bu alanda uzmanla\u015ft\u0131m. \u200bEski\u015fehir&#8217;de y\u00fcz y\u00fcze g\u00f6r\u00fc\u015fmelerin yan\u0131 s\u0131ra, \u015fehir d\u0131\u015f\u0131 ve yurt d\u0131\u015f\u0131ndaki dan\u0131\u015fanlar\u0131ma Online Dan\u0131\u015fmanl\u0131k yoluyla hizmet sunmaktay\u0131m. Temel amac\u0131m; mesafelerden ba\u011f\u0131ms\u0131z olarak g\u00fcvene dayal\u0131 bir ba\u011f [&hellip;]<\/p>\n","protected":false},"author":1,"featured_media":0,"parent":0,"menu_order":0,"comment_status":"closed","ping_status":"closed","template":"","meta":{"footnotes":""},"class_list":["post-18","page","type-page","status-publish","hentry"],"_links":{"self":[{"href":"https:\/\/www.fatmasert.com\/index.php?rest_route=\/wp\/v2\/pages\/18","targetHints":{"allow":["GET"]}}],"collection":[{"href":"https:\/\/www.fatmasert.com\/index.php?rest_route=\/wp\/v2\/pages"}],"about":[{"href":"https:\/\/www.fatmasert.com\/index.php?rest_route=\/wp\/v2\/types\/page"}],"author":[{"embeddable":true,"href":"https:\/\/www.fatmasert.com\/index.php?rest_route=\/wp\/v2\/users\/1"}],"replies":[{"embeddable":true,"href":"https:\/\/www.fatmasert.com\/index.php?rest_route=%2Fwp%2Fv2%2Fcomments&post=18"}],"version-history":[{"count":10,"href":"https:\/\/www.fatmasert.com\/index.php?rest_route=\/wp\/v2\/pages\/18\/revisions"}],"predecessor-version":[{"id":160,"href":"https:\/\/www.fatmasert.com\/index.php?rest_route=\/wp\/v2\/pages\/18\/revisions\/160"}],"wp:attachment":[{"href":"https:\/\/www.fatmasert.com\/index.php?rest_route=%2Fwp%2Fv2%2Fmedia&parent=18"}],"curies":[{"name":"wp","href":"https:\/\/api.w.org\/{rel}","templated":true}]}}