{"id":19,"date":"2025-08-20T11:50:00","date_gmt":"2025-08-20T11:50:00","guid":{"rendered":"http:\/\/www.fatmasert.com\/?page_id=19"},"modified":"2025-09-11T07:24:14","modified_gmt":"2025-09-11T07:24:14","slug":"danismanlik-hizmetlerimiz","status":"publish","type":"page","link":"https:\/\/www.fatmasert.com\/?page_id=19","title":{"rendered":"Dan\u0131\u015fmanl\u0131k Hizmetlerimiz"},"content":{"rendered":"\n<ul class=\"wp-block-list\">\n<li class=\"has-large-font-size\">Evlilik \u00d6ncesi Dan\u0131\u015fmanl\u0131k<\/li>\n<\/ul>\n\n\n\n<p class=\"has-medium-font-size\">Evlilik karar\u0131 alan \u00e7iftlere, sa\u011fl\u0131kl\u0131 ileti\u015fim kurma, \u00e7at\u0131\u015fmalar\u0131 yap\u0131c\u0131 \u00e7\u00f6zme ve ortak ya\u015fam i\u00e7in g\u00fc\u00e7l\u00fc bir zemin olu\u015fturma deste\u011fi sunar. Bu s\u00fcre\u00e7te, gelece\u011fe dair beklentilerin ve s\u0131n\u0131rlar\u0131n netle\u015fmesine yard\u0131mc\u0131 olur.<\/p>\n\n\n\n<ul class=\"wp-block-list\">\n<li class=\"has-large-font-size\">\u00c7ift Dan\u0131\u015fmanl\u0131\u011f\u0131<\/li>\n<\/ul>\n\n\n\n<p class=\"has-medium-font-size\">\u0130li\u015fkide ya\u015fanan ileti\u015fim sorunlar\u0131, g\u00fcven problemleri, k\u0131skan\u00e7l\u0131k ya da \u00e7at\u0131\u015fmalar\u0131n sa\u011fl\u0131kl\u0131 \u015fekilde ele al\u0131nmas\u0131n\u0131 hedefler. \u00c7iftlere, birbirini anlamay\u0131 kolayla\u015ft\u0131ran y\u00f6ntemler ve ili\u015fkiyi g\u00fc\u00e7lendiren beceriler kazand\u0131r\u0131r.<\/p>\n\n\n\n<ul class=\"wp-block-list\">\n<li class=\"has-large-font-size\">Aile Dan\u0131\u015fmanl\u0131\u011f\u0131<\/li>\n<\/ul>\n\n\n\n<p class=\"has-medium-font-size\">Aile bireyleri aras\u0131nda ya\u015fanan ileti\u015fim zorluklar\u0131, ku\u015fak \u00e7at\u0131\u015fmalar\u0131 ve ebeveynlik s\u00fcre\u00e7lerinde profesyonel destek sa\u011flar. Ailenin b\u00fct\u00fcnl\u00fc\u011f\u00fcn\u00fc ve sa\u011fl\u0131kl\u0131 ili\u015fkilerini g\u00fc\u00e7lendirmeye odaklan\u0131r.<\/p>\n\n\n\n<ul class=\"wp-block-list\">\n<li class=\"has-large-font-size\">\u00c7ocuk Ebeveyn Dan\u0131\u015fmanl\u0131\u011f\u0131<\/li>\n<\/ul>\n\n\n\n<p class=\"has-medium-font-size\">Ebeveynlerin \u00e7ocuklar\u0131yla daha sa\u011fl\u0131kl\u0131 bir ili\u015fki kurmalar\u0131na, s\u0131n\u0131rlar koymalar\u0131na ve \u00e7ocu\u011fun geli\u015fimini desteklemelerine yard\u0131mc\u0131 olur. \u00d6zellikle davran\u0131\u015f problemleri ve ileti\u015fim zorluklar\u0131nda yol g\u00f6sterici bir s\u00fcre\u00e7tir.<\/p>\n\n\n\n<ul class=\"wp-block-list\">\n<li class=\"has-large-font-size\">Bo\u015fanma S\u00fcreci Dan\u0131\u015fmanl\u0131\u011f\u0131<\/li>\n<\/ul>\n\n\n\n<p class=\"has-medium-font-size\">Bo\u015fanma s\u00fcrecindeki \u00e7iftlere duygusal ve psikolojik destek sa\u011flayarak s\u00fcrecin daha sa\u011fl\u0131kl\u0131 ilerlemesine yard\u0131mc\u0131 olur. \u00c7ocuklar \u00fczerindeki etkilerin azalt\u0131lmas\u0131 ve bireylerin yeni ya\u015famlar\u0131na uyum sa\u011flamas\u0131 i\u00e7in rehberlik eder.<\/p>\n\n\n\n<p><\/p>\n","protected":false},"excerpt":{"rendered":"<p>Evlilik karar\u0131 alan \u00e7iftlere, sa\u011fl\u0131kl\u0131 ileti\u015fim kurma, \u00e7at\u0131\u015fmalar\u0131 yap\u0131c\u0131 \u00e7\u00f6zme ve ortak ya\u015fam i\u00e7in g\u00fc\u00e7l\u00fc bir zemin olu\u015fturma deste\u011fi sunar. Bu s\u00fcre\u00e7te, gelece\u011fe dair beklentilerin ve s\u0131n\u0131rlar\u0131n netle\u015fmesine yard\u0131mc\u0131 olur. \u0130li\u015fkide ya\u015fanan ileti\u015fim sorunlar\u0131, g\u00fcven problemleri, k\u0131skan\u00e7l\u0131k ya da \u00e7at\u0131\u015fmalar\u0131n sa\u011fl\u0131kl\u0131 \u015fekilde ele al\u0131nmas\u0131n\u0131 hedefler. \u00c7iftlere, birbirini anlamay\u0131 kolayla\u015ft\u0131ran y\u00f6ntemler ve ili\u015fkiyi g\u00fc\u00e7lendiren beceriler kazand\u0131r\u0131r. [&hellip;]<\/p>\n","protected":false},"author":1,"featured_media":0,"parent":0,"menu_order":0,"comment_status":"closed","ping_status":"closed","template":"","meta":{"footnotes":""},"class_list":["post-19","page","type-page","status-publish","hentry"],"_links":{"self":[{"href":"https:\/\/www.fatmasert.com\/index.php?rest_route=\/wp\/v2\/pages\/19","targetHints":{"allow":["GET"]}}],"collection":[{"href":"https:\/\/www.fatmasert.com\/index.php?rest_route=\/wp\/v2\/pages"}],"about":[{"href":"https:\/\/www.fatmasert.com\/index.php?rest_route=\/wp\/v2\/types\/page"}],"author":[{"embeddable":true,"href":"https:\/\/www.fatmasert.com\/index.php?rest_route=\/wp\/v2\/users\/1"}],"replies":[{"embeddable":true,"href":"https:\/\/www.fatmasert.com\/index.php?rest_route=%2Fwp%2Fv2%2Fcomments&post=19"}],"version-history":[{"count":5,"href":"https:\/\/www.fatmasert.com\/index.php?rest_route=\/wp\/v2\/pages\/19\/revisions"}],"predecessor-version":[{"id":54,"href":"https:\/\/www.fatmasert.com\/index.php?rest_route=\/wp\/v2\/pages\/19\/revisions\/54"}],"wp:attachment":[{"href":"https:\/\/www.fatmasert.com\/index.php?rest_route=%2Fwp%2Fv2%2Fmedia&parent=19"}],"curies":[{"name":"wp","href":"https:\/\/api.w.org\/{rel}","templated":true}]}}