{"id":22,"date":"2025-08-20T11:50:00","date_gmt":"2025-08-20T11:50:00","guid":{"rendered":"http:\/\/www.fatmasert.com\/?page_id=22"},"modified":"2025-09-11T07:45:45","modified_gmt":"2025-09-11T07:45:45","slug":"iletisim","status":"publish","type":"page","link":"https:\/\/www.fatmasert.com\/?page_id=22","title":{"rendered":"\u0130leti\u015fim"},"content":{"rendered":"\n<p class=\"has-medium-font-size\"><strong>Sorular\u0131n\u0131z, randevu talepleriniz veya hizmetlerimiz hakk\u0131nda bilgi almak i\u00e7in bize ula\u015fabilirsiniz.<br><\/strong><\/p>\n\n\n\n<p class=\"has-medium-font-size\">\ud83d\udccd <strong>Adres<\/strong><\/p>\n\n\n\n<p class=\"has-medium-font-size\"><a href=\"https:\/\/www.google.com\/maps\/place\/\/data=!4m2!3m1!1s0x14cc15d916b7bc1f:0xd2ad3bdae8064066?sa=X&amp;ved=1t:8290&amp;ictx=111\">Yeniba\u011flar, Eti Cd. Hasev Sitesi C Blok K:1 D:5, 26170 Tepeba\u015f\u0131\/Eski\u015fehir<\/a><\/p>\n\n\n\n<p class=\"has-medium-font-size\">\ud83d\udcde  <strong>Telefon \/ WhatsApp<\/strong><\/p>\n\n\n\n<p class=\"has-medium-font-size\">05413301222<\/p>\n\n\n\n<p class=\"has-medium-font-size\">\ud83d\udce7 <strong>E-posta<\/strong><\/p>\n\n\n\n<p class=\"has-medium-font-size\">bilgi@fatmasert.com<\/p>\n\n\n\n<p><\/p>\n","protected":false},"excerpt":{"rendered":"<p>Sorular\u0131n\u0131z, randevu talepleriniz veya hizmetlerimiz hakk\u0131nda bilgi almak i\u00e7in bize ula\u015fabilirsiniz. \ud83d\udccd Adres Yeniba\u011flar, Eti Cd. Hasev Sitesi C Blok K:1 D:5, 26170 Tepeba\u015f\u0131\/Eski\u015fehir \ud83d\udcde Telefon \/ WhatsApp 05413301222 \ud83d\udce7 E-posta bilgi@fatmasert.com<\/p>\n","protected":false},"author":1,"featured_media":0,"parent":0,"menu_order":0,"comment_status":"closed","ping_status":"closed","template":"","meta":{"footnotes":""},"class_list":["post-22","page","type-page","status-publish","hentry"],"_links":{"self":[{"href":"https:\/\/www.fatmasert.com\/index.php?rest_route=\/wp\/v2\/pages\/22","targetHints":{"allow":["GET"]}}],"collection":[{"href":"https:\/\/www.fatmasert.com\/index.php?rest_route=\/wp\/v2\/pages"}],"about":[{"href":"https:\/\/www.fatmasert.com\/index.php?rest_route=\/wp\/v2\/types\/page"}],"author":[{"embeddable":true,"href":"https:\/\/www.fatmasert.com\/index.php?rest_route=\/wp\/v2\/users\/1"}],"replies":[{"embeddable":true,"href":"https:\/\/www.fatmasert.com\/index.php?rest_route=%2Fwp%2Fv2%2Fcomments&post=22"}],"version-history":[{"count":3,"href":"https:\/\/www.fatmasert.com\/index.php?rest_route=\/wp\/v2\/pages\/22\/revisions"}],"predecessor-version":[{"id":58,"href":"https:\/\/www.fatmasert.com\/index.php?rest_route=\/wp\/v2\/pages\/22\/revisions\/58"}],"wp:attachment":[{"href":"https:\/\/www.fatmasert.com\/index.php?rest_route=%2Fwp%2Fv2%2Fmedia&parent=22"}],"curies":[{"name":"wp","href":"https:\/\/api.w.org\/{rel}","templated":true}]}}