{"id":63,"date":"2025-09-11T08:01:12","date_gmt":"2025-09-11T08:01:12","guid":{"rendered":"https:\/\/www.fatmasert.com\/?page_id=63"},"modified":"2025-09-17T12:14:53","modified_gmt":"2025-09-17T12:14:53","slug":"blog","status":"publish","type":"page","link":"https:\/\/www.fatmasert.com\/?page_id=63","title":{"rendered":"Faydal\u0131 \u0130\u00e7erikler"},"content":{"rendered":"\n<div class=\"wp-block-media-text is-stacked-on-mobile\"><figure class=\"wp-block-media-text__media\"><img loading=\"lazy\" decoding=\"async\" width=\"646\" height=\"220\" src=\"https:\/\/www.fatmasert.com\/wp-content\/uploads\/2025\/09\/Yellow-Flower-Blog-Banner-1.png\" alt=\"\" class=\"wp-image-104 size-full\" srcset=\"https:\/\/www.fatmasert.com\/wp-content\/uploads\/2025\/09\/Yellow-Flower-Blog-Banner-1.png 646w, https:\/\/www.fatmasert.com\/wp-content\/uploads\/2025\/09\/Yellow-Flower-Blog-Banner-1-300x102.png 300w\" sizes=\"auto, (max-width: 646px) 100vw, 646px\" \/><\/figure><div class=\"wp-block-media-text__content\">\n<p>Sizin i\u00e7in faydal\u0131 olabilecek i\u00e7erikleri burada payla\u015f\u0131yoruz.<\/p>\n<\/div><\/div>\n\n\n<ul class=\"wp-block-categories-list wp-block-categories\">\t<li class=\"cat-item cat-item-13\"><a href=\"https:\/\/www.fatmasert.com\/?cat=13\">Evlilik ve Aile<\/a>\n<\/li>\n<\/ul>\n\n\n<div style=\"height:100px\" aria-hidden=\"true\" class=\"wp-block-spacer\"><\/div>\n\n\n\n<figure class=\"wp-block-embed is-type-video is-provider-youtube wp-block-embed-youtube wp-embed-aspect-16-9 wp-has-aspect-ratio\"><div class=\"wp-block-embed__wrapper\">\n<iframe loading=\"lazy\" title=\"\u0130leti\u015fimde 3 Kurtar\u0131c\u0131 Y\u00f6ntem\" width=\"1170\" height=\"658\" src=\"https:\/\/www.youtube.com\/embed\/kFuzySewn1I?feature=oembed\" frameborder=\"0\" allow=\"accelerometer; autoplay; clipboard-write; encrypted-media; gyroscope; picture-in-picture; web-share\" referrerpolicy=\"strict-origin-when-cross-origin\" allowfullscreen><\/iframe>\n<\/div><\/figure>\n","protected":false},"excerpt":{"rendered":"<p>Sizin i\u00e7in faydal\u0131 olabilecek i\u00e7erikleri burada payla\u015f\u0131yoruz.<\/p>\n","protected":false},"author":1,"featured_media":0,"parent":0,"menu_order":0,"comment_status":"closed","ping_status":"closed","template":"","meta":{"footnotes":""},"class_list":["post-63","page","type-page","status-publish","hentry"],"_links":{"self":[{"href":"https:\/\/www.fatmasert.com\/index.php?rest_route=\/wp\/v2\/pages\/63","targetHints":{"allow":["GET"]}}],"collection":[{"href":"https:\/\/www.fatmasert.com\/index.php?rest_route=\/wp\/v2\/pages"}],"about":[{"href":"https:\/\/www.fatmasert.com\/index.php?rest_route=\/wp\/v2\/types\/page"}],"author":[{"embeddable":true,"href":"https:\/\/www.fatmasert.com\/index.php?rest_route=\/wp\/v2\/users\/1"}],"replies":[{"embeddable":true,"href":"https:\/\/www.fatmasert.com\/index.php?rest_route=%2Fwp%2Fv2%2Fcomments&post=63"}],"version-history":[{"count":10,"href":"https:\/\/www.fatmasert.com\/index.php?rest_route=\/wp\/v2\/pages\/63\/revisions"}],"predecessor-version":[{"id":124,"href":"https:\/\/www.fatmasert.com\/index.php?rest_route=\/wp\/v2\/pages\/63\/revisions\/124"}],"wp:attachment":[{"href":"https:\/\/www.fatmasert.com\/index.php?rest_route=%2Fwp%2Fv2%2Fmedia&parent=63"}],"curies":[{"name":"wp","href":"https:\/\/api.w.org\/{rel}","templated":true}]}}